{"id":237,"date":"2023-07-10T18:44:51","date_gmt":"2023-07-10T18:44:51","guid":{"rendered":"http:\/\/casaromana-eggersdorf.de\/?page_id=237"},"modified":"2026-04-11T20:18:22","modified_gmt":"2026-04-11T20:18:22","slug":"veranstaltungen-feiern","status":"publish","type":"page","link":"http:\/\/casaromana-eggersdorf.de\/?page_id=237","title":{"rendered":"Veranstaltungen\/Feiern"},"content":{"rendered":"\n<p><i><span style=\"font-weight: 400;\">\u00a0 \u00a0 \u00a0 \u00a0 <\/span><\/i><span style=\"font-weight: 400;\">\u00a0<\/span><\/p>\n<p style=\"text-align: center;\"><b><i>Hochzeiten, Jubil\u00e4um, Events, Geburtstags- und Gedenkfeiern, <\/i><\/b><b><i>Jugendweihe, <\/i><\/b><b><i>Konfirmation oder Erstkommunion\u00a0<\/i><\/b><\/p>\n<p><br \/><br \/><\/p>\n<p><span style=\"font-weight: 400;\">Im Trattoria Casa Romana richten wir gerne f\u00fcr Sie Feiern und Veranstaltungen aus.<\/span><\/p>\n<p>\u00a0<\/p>\n<p><span style=\"font-weight: 400;\">In der Sommersaison bieten wir Ihnen von 10-80 Personen und in der Wintersaison bis zu <\/span><span style=\"font-weight: 400;\">50 Personen die M\u00f6glichkeit, in unserem Restaurant die Feste zu feiern, wie sie fallen.<\/span><\/p>\n<p>\u00a0<\/p>\n<p><span style=\"font-weight: 400;\">Des Weiteren verf\u00fcgen wir auch \u00fcber einen separaten Raum f\u00fcr Feiern!<\/span><\/p>\n<p>\u00a0<\/p>\n<p><span style=\"font-weight: 400;\">Dar\u00fcber hinaus bieten wir f\u00fcr Feiern die alleinige Nutzung der gesamten Location.<\/span><\/p>\n<p>\u00a0<\/p>\n<p><span style=\"font-weight: 400;\">F\u00fcr eine Unterbringung von G\u00e4sten in unserer kleinen Pension ist auch gesorgt. <\/span><\/p>\n<p><span style=\"font-weight: 400;\">Es stehen Ihnen sechs Zimmer zur Verf\u00fcgung. Alle Zimmer sind als Doppelzimmer <\/span><span style=\"font-weight: 400;\">nutzbar. <\/span><\/p>\n<p><span style=\"font-weight: 400;\">Eines der Zimmer ist barrierefrei.<\/span><\/p>\n<p>\u00a0<\/p>\n<p><span style=\"font-weight: 400;\">An diesen Tagen k\u00fcmmert sich das Trattoria Casa Romana Team nur um Ihre Feier und <\/span><span style=\"font-weight: 400;\">bleibt f\u00fcr alle anderen G\u00e4ste geschlossen.\u00a0<\/span><\/p>\n<p>\u00a0<\/p>\n<p><span style=\"font-weight: 400;\">Wir berechnen diesen Service separat zus\u00e4tzlich zum Veranstaltungspreis.<\/span><\/p>\n<p>\u00a0<\/p>\n<p><span style=\"font-weight: 400;\">Bitte rufen Sie uns an oder melden sich per Mail f\u00fcr einen Termin.<\/span><\/p>\n<p>\u00a0<\/p>\n<p><span style=\"font-weight: 400;\">Wir geben zeitnah R\u00fcckmeldung \u00fcber noch vorhandene M\u00f6glichkeiten, <\/span><span style=\"font-weight: 400;\">denn die begehrten Termine sind schnell vergeben.\u00a0<\/span><\/p>\n<p>\u00a0<\/p>\n<p><span style=\"font-weight: 400;\">Falls Sie Fragen haben, dann z\u00f6gern Sie nicht, sich bei uns zu melden.\u00a0<\/span><\/p>\n<p>\u00a0<\/p>\n<p><b><span style=\"color: #ff0000;\">Wir haben das ganze Jahr ge\u00f6ffnet!<\/span><\/b><\/p>\n<p><br \/><br \/><\/p>\n<p><em><span style=\"font-weight: 400;\">Das <\/span><\/em><i><span style=\"font-weight: 400;\"><em>T<\/em>rattoria Casa Romana\u00a0 freut sich, Sie herzlich Willkommen\u00a0 zu hei\u00dfen!<\/span><\/i><\/p>\n<p>\u00a0<\/p>\n<p>Men\u00fc: <a href=\"http:\/\/casaromana-eggersdorf.de\/wp-content\/uploads\/2023\/07\/Eventkarte-1.pdf\">hier klicken!<\/a><\/p>\n<p><i><span style=\"font-weight: 400;\">\u00a0\u00a0\u00a0\u00a0\u00a0\u00a0\u00a0\u00a0\u00a0\u00a0\u00a0\u00a0\u00a0\u00a0\u00a0\u00a0\u00a0\u00a0\u00a0\u00a0\u00a0\u00a0\u00a0\u00a0\u00a0\u00a0\u00a0\u00a0\u00a0\u00a0\u00a0\u00a0\u00a0\u00a0\u00a0\u00a0\u00a0\u00a0\u00a0\u00a0\u00a0\u00a0\u00a0\u00a0\u00a0\u00a0\u00a0\u00a0\u00a0\u00a0\u00a0\u00a0\u00a0\u00a0\u00a0\u00a0\u00a0\u00a0\u00a0\u00a0\u00a0\u00a0\u00a0\u00a0\u00a0<\/span><\/i><\/p>\n<p><i><span style=\"font-weight: 400;\">Kontakt : <\/span><\/i><a href=\"mailto:casaromana@gmx.de\"><i><span style=\"font-weight: 400;\">casaromana@gmx.de<\/span><\/i><\/a><\/p>\n<p>\u00a0<\/p>\n<p><i><span style=\"font-weight: 400;\">Telefon: 03341 48 113\u00a0 \u00a0 <\/span><\/i><\/p>\n<p>\u00a0<\/p>\n","protected":false},"excerpt":{"rendered":"","protected":false},"author":1,"featured_media":0,"parent":0,"menu_order":6,"comment_status":"closed","ping_status":"closed","template":"","meta":[],"_links":{"self":[{"href":"http:\/\/casaromana-eggersdorf.de\/index.php?rest_route=\/wp\/v2\/pages\/237"}],"collection":[{"href":"http:\/\/casaromana-eggersdorf.de\/index.php?rest_route=\/wp\/v2\/pages"}],"about":[{"href":"http:\/\/casaromana-eggersdorf.de\/index.php?rest_route=\/wp\/v2\/types\/page"}],"author":[{"embeddable":true,"href":"http:\/\/casaromana-eggersdorf.de\/index.php?rest_route=\/wp\/v2\/users\/1"}],"replies":[{"embeddable":true,"href":"http:\/\/casaromana-eggersdorf.de\/index.php?rest_route=%2Fwp%2Fv2%2Fcomments&post=237"}],"version-history":[{"count":4,"href":"http:\/\/casaromana-eggersdorf.de\/index.php?rest_route=\/wp\/v2\/pages\/237\/revisions"}],"predecessor-version":[{"id":247,"href":"http:\/\/casaromana-eggersdorf.de\/index.php?rest_route=\/wp\/v2\/pages\/237\/revisions\/247"}],"wp:attachment":[{"href":"http:\/\/casaromana-eggersdorf.de\/index.php?rest_route=%2Fwp%2Fv2%2Fmedia&parent=237"}],"curies":[{"name":"wp","href":"https:\/\/api.w.org\/{rel}","templated":true}]}}